{"id":87,"date":"2018-08-22T12:31:40","date_gmt":"2018-08-22T10:31:40","guid":{"rendered":"http:\/\/wuestenschwimmer.demaxtv.de\/?page_id=87"},"modified":"2020-06-30T14:30:48","modified_gmt":"2020-06-30T12:30:48","slug":"ueber-uns","status":"publish","type":"page","link":"https:\/\/www.demaxtv.de\/ar\/ueber-uns\/","title":{"rendered":"\u00dcber uns"},"content":{"rendered":"\n<style type=\"text\/css\" data-created_by=\"avia_inline_auto\" id=\"style-css-av-26dab-50590146884d12a95c475f24fadeccde\">\n.flex_column.av-26dab-50590146884d12a95c475f24fadeccde{\nborder-radius:0px 0px 0px 0px;\npadding:0px 0px 0px 0px;\n}\n<\/style>\n<div  class='flex_column av-26dab-50590146884d12a95c475f24fadeccde av_one_full  avia-builder-el-0  el_before_av_one_half  avia-builder-el-first  first flex_column_div av-zero-column-padding  '     ><style type=\"text\/css\" data-created_by=\"avia_inline_auto\" id=\"style-css-av-jsdhqy3m-f1b5758c40551506a94bbc3de2ef511c\">\n#top .av_textblock_section.av-jsdhqy3m-f1b5758c40551506a94bbc3de2ef511c .avia_textblock{\nfont-size:14px;\n}\n<\/style>\n<section  class='av_textblock_section av-jsdhqy3m-f1b5758c40551506a94bbc3de2ef511c '   itemscope=\"itemscope\" itemtype=\"https:\/\/schema.org\/CreativeWork\" ><div class='avia_textblock'  itemprop=\"text\" ><p><span style=\"font-size: 13pt;\"><strong>1999 wird die DEMAX gegr\u00fcndet. Schon der Name deutet auf den damals wichtigsten Arbeitsschwerpunkt hin. Die DEMAX startet als Produktionsservice f\u00fcr das Gro\u00dfbildkino IMAX\u00ae.<\/strong><\/span><\/p>\n<p>Die Liebe zum gro\u00dfen Bild ist geblieben, wenngleich die Firma heute die gesamte Bandbreite moderner Dokumentarfilmproduktion abdeckt &#8211; von der wissenschaftlich-journalistischen Recherche \u00fcber die Drehbuchentwicklung bis hin zur Produktion.<\/p>\n<p>Wir realisieren klassische Dokumentationen, Lehrfilme, Installationen und Medienkonzepte, bis hin zu Themenfilmen f\u00fcr private Auftraggeber und staatliche Einrichtungen.<\/p>\n<p>Wir bevorzugen Projekte, die uns auch inhaltlich \u00fcberzeugen: Wie k\u00f6nnen wir das Zusammenleben verbessern, wie tragen wir zum Erhalt des gesellschaftlichen Konsens bei? Was k\u00f6nnen wir aus der Geschichte lernen? Was ist relevant f\u00fcr unser Leben in einer globalen Welt?<\/p>\n<p>Uns interessiert, was Menschen verbindet und Grenzen \u00fcberwindet!<\/p>\n<\/div><\/section><\/div>\n<style type=\"text\/css\" data-created_by=\"avia_inline_auto\" id=\"style-css-av-3fln-11a02584a07705fce8a55b4c0c449681\">\n.flex_column.av-3fln-11a02584a07705fce8a55b4c0c449681{\nborder-radius:0px 0px 0px 0px;\npadding:0px 0px 0px 0px;\n}\n<\/style>\n<div  class='flex_column av-3fln-11a02584a07705fce8a55b4c0c449681 av_one_half  avia-builder-el-2  el_after_av_one_full  el_before_av_one_half  first flex_column_div av-zero-column-padding  column-top-margin'     ><div  class='avia-slideshow av-1r2fr-7c4653bca908acbafcbb12dda60f12fa avia-slideshow-no scaling av_slideshow avia-slide-slider  avia-builder-el-3  avia-builder-el-no-sibling  av-slideshow-ui av-control-default av-slideshow-autoplay av-loop-endless av-loop-manual-endless av-default-height-applied avia-slideshow-1' data-slideshow-options=\"{&quot;animation&quot;:&quot;slide&quot;,&quot;autoplay&quot;:true,&quot;loop_autoplay&quot;:&quot;endless&quot;,&quot;interval&quot;:5,&quot;loop_manual&quot;:&quot;manual-endless&quot;,&quot;autoplay_stopper&quot;:false,&quot;noNavigation&quot;:false,&quot;bg_slider&quot;:false,&quot;keep_padding&quot;:false,&quot;hoverpause&quot;:false,&quot;show_slide_delay&quot;:0}\"  itemprop=\"image\" itemscope=\"itemscope\" itemtype=\"https:\/\/schema.org\/ImageObject\" ><ul class='avia-slideshow-inner ' style='padding-bottom: 56.222222222222%;'><li  class='avia-slideshow-slide av-1r2fr-7c4653bca908acbafcbb12dda60f12fa__0  slide-1 slide-odd'><div data-rel='slideshow-1' class='avia-slide-wrap '   ><img decoding=\"async\" fetchpriority=\"high\" class=\"wp-image-2081 avia-img-lazy-loading-not-2081\"  src=\"https:\/\/www.demaxtv.de\/wp-content\/uploads\/2018\/12\/Dreh-Malta-mit-Schiff.jpg\" width=\"900\" height=\"506\" title='\u062a\u062f\u0648\u0631 \u0645\u0627\u0644\u0637\u0627 \u0645\u0639 \u0627\u0644\u0633\u0641\u064a\u0646\u0629' alt='\u062a\u062f\u0648\u0631 \u0645\u0627\u0644\u0637\u0627 \u0645\u0639 \u0627\u0644\u0633\u0641\u064a\u0646\u0629'  itemprop=\"thumbnailUrl\" srcset=\"https:\/\/www.demaxtv.de\/wp-content\/uploads\/2018\/12\/Dreh-Malta-mit-Schiff.jpg 900w, https:\/\/www.demaxtv.de\/wp-content\/uploads\/2018\/12\/Dreh-Malta-mit-Schiff-300x169.jpg 300w, https:\/\/www.demaxtv.de\/wp-content\/uploads\/2018\/12\/Dreh-Malta-mit-Schiff-768x432.jpg 768w, https:\/\/www.demaxtv.de\/wp-content\/uploads\/2018\/12\/Dreh-Malta-mit-Schiff-705x396.jpg 705w, https:\/\/www.demaxtv.de\/wp-content\/uploads\/2018\/12\/Dreh-Malta-mit-Schiff-450x253.jpg 450w\" sizes=\"(max-width: 900px) 100vw, 900px\" \/><\/div><\/li><li  class='avia-slideshow-slide av-1r2fr-7c4653bca908acbafcbb12dda60f12fa__1  slide-2 slide-even'><div data-rel='slideshow-1' class='avia-slide-wrap '   ><img decoding=\"async\" fetchpriority=\"high\" class=\"wp-image-2017 avia-img-lazy-loading-not-2017\"  src=\"https:\/\/www.demaxtv.de\/wp-content\/uploads\/2018\/12\/MONSOON_EMPIRE_Trailer_HD_18-06-26_thumb22-e1544718465603.jpg\" width=\"579\" height=\"326\" title='MONSOON_EMPIRE_Trailer_HD_18-06-26 thumbnail' alt=''  itemprop=\"thumbnailUrl\"   \/><\/div><\/li><li  class='avia-slideshow-slide av-1r2fr-7c4653bca908acbafcbb12dda60f12fa__2  slide-3 slide-odd'><div data-rel='slideshow-1' class='avia-slide-wrap '   ><img decoding=\"async\" fetchpriority=\"high\" class=\"wp-image-2032 avia-img-lazy-loading-not-2032\"  src=\"https:\/\/www.demaxtv.de\/wp-content\/uploads\/2019\/02\/DeMaxx_Webtrailer_V3_thumb2.jpg\" width=\"1280\" height=\"720\" title='DeMaxx_Webtrailer_V3 thumbnail' alt=''  itemprop=\"thumbnailUrl\" srcset=\"https:\/\/www.demaxtv.de\/wp-content\/uploads\/2019\/02\/DeMaxx_Webtrailer_V3_thumb2.jpg 1280w, https:\/\/www.demaxtv.de\/wp-content\/uploads\/2019\/02\/DeMaxx_Webtrailer_V3_thumb2-300x169.jpg 300w, https:\/\/www.demaxtv.de\/wp-content\/uploads\/2019\/02\/DeMaxx_Webtrailer_V3_thumb2-768x432.jpg 768w, https:\/\/www.demaxtv.de\/wp-content\/uploads\/2019\/02\/DeMaxx_Webtrailer_V3_thumb2-1030x579.jpg 1030w, https:\/\/www.demaxtv.de\/wp-content\/uploads\/2019\/02\/DeMaxx_Webtrailer_V3_thumb2-705x397.jpg 705w, https:\/\/www.demaxtv.de\/wp-content\/uploads\/2019\/02\/DeMaxx_Webtrailer_V3_thumb2-450x253.jpg 450w\" sizes=\"(max-width: 1280px) 100vw, 1280px\" \/><\/div><\/li><\/ul><div class='avia-slideshow-arrows avia-slideshow-controls' ><a href='#prev' class='prev-slide  avia-svg-icon avia-font-svg_entypo-fontello' data-av_svg_icon='left-open-big' data-av_iconset='svg_entypo-fontello' tabindex='-1' title=\"Previous\"><svg version=\"1.1\" xmlns=\"http:\/\/www.w3.org\/2000\/svg\" width=\"15\" height=\"32\" viewBox=\"0 0 15 32\" preserveAspectRatio=\"xMidYMid meet\" aria-labelledby='av-svg-title-1' aria-describedby='av-svg-desc-1' role=\"graphics-symbol\" aria-hidden=\"true\">\n<title id='av-svg-title-1'>Previous<\/title>\n<desc id='av-svg-desc-1'>Previous<\/desc>\n<path d=\"M14.464 27.84q0.832 0.832 0 1.536-0.832 0.832-1.536 0l-12.544-12.608q-0.768-0.768 0-1.6l12.544-12.608q0.704-0.832 1.536 0 0.832 0.704 0 1.536l-11.456 11.904z\"><\/path>\n<\/svg><span class='avia_hidden_link_text'>Previous<\/span><\/a><a href='#next' class='next-slide  avia-svg-icon avia-font-svg_entypo-fontello' data-av_svg_icon='right-open-big' data-av_iconset='svg_entypo-fontello' tabindex='-1' title=\"Next\"><svg version=\"1.1\" xmlns=\"http:\/\/www.w3.org\/2000\/svg\" width=\"15\" height=\"32\" viewBox=\"0 0 15 32\" preserveAspectRatio=\"xMidYMid meet\" aria-labelledby='av-svg-title-2' aria-describedby='av-svg-desc-2' role=\"graphics-symbol\" aria-hidden=\"true\">\n<title id='av-svg-title-2'>Next<\/title>\n<desc id='av-svg-desc-2'>Next<\/desc>\n<path d=\"M0.416 27.84l11.456-11.84-11.456-11.904q-0.832-0.832 0-1.536 0.832-0.832 1.536 0l12.544 12.608q0.768 0.832 0 1.6l-12.544 12.608q-0.704 0.832-1.536 0-0.832-0.704 0-1.536z\"><\/path>\n<\/svg><span class='avia_hidden_link_text'>Next<\/span><\/a><\/div><div class='avia-slideshow-dots avia-slideshow-controls'><a href='#1' class='goto-slide active' >1<\/a><a href='#2' class='goto-slide ' >2<\/a><a href='#3' class='goto-slide ' >3<\/a><\/div><\/div><\/div><\/p>\n\n<style type=\"text\/css\" data-created_by=\"avia_inline_auto\" id=\"style-css-av-13w6f-085934a242606ab33a540b7ef1c16f9c\">\n.flex_column.av-13w6f-085934a242606ab33a540b7ef1c16f9c{\nborder-radius:0px 0px 0px 0px;\npadding:0px 0px 0px 0px;\n}\n<\/style>\n<div  class='flex_column av-13w6f-085934a242606ab33a540b7ef1c16f9c av_one_half  avia-builder-el-4  el_after_av_one_half  avia-builder-el-last  flex_column_div av-zero-column-padding  column-top-margin'     ><style type=\"text\/css\" data-created_by=\"avia_inline_auto\" id=\"style-css-av-jsbgoa0w-973d6fc09a76ece335355e03aa6aab6b\">\n#top .av_textblock_section.av-jsbgoa0w-973d6fc09a76ece335355e03aa6aab6b .avia_textblock{\nfont-size:14px;\n}\n<\/style>\n<section  class='av_textblock_section av-jsbgoa0w-973d6fc09a76ece335355e03aa6aab6b '   itemscope=\"itemscope\" itemtype=\"https:\/\/schema.org\/CreativeWork\" ><div class='avia_textblock'  itemprop=\"text\" ><p><strong>F\u00fcr die erfolgreiche Fertigstellung unserer Arbeiten k\u00f6nnen wir auf ein gewachsenes und bew\u00e4hrtes Netzwerk von erfahrenen und hochprofessionellen Kolleginnen und Kollegen zur\u00fcckgreifen, die allesamt zu den Besten ihres Fachs geh\u00f6ren.<\/strong><\/p>\n<\/div><\/section><\/div>\n","protected":false},"excerpt":{"rendered":"","protected":false},"author":1,"featured_media":0,"parent":0,"menu_order":0,"comment_status":"closed","ping_status":"closed","template":"","meta":{"footnotes":""},"class_list":["post-87","page","type-page","status-publish","hentry"],"yoast_head":"<!-- This site is optimized with the Yoast SEO plugin v27.2 - https:\/\/yoast.com\/product\/yoast-seo-wordpress\/ -->\n<title>\u00dcber uns - DEMAX<\/title>\n<meta name=\"description\" content=\"Wir realisieren klassische Dokumentationen, Lehrfilme, Installationen und Medienkonzepte, bis zu Themenfilmen f\u00fcr private Auftraggeber und staatliche Einrichtungen.\" \/>\n<meta name=\"robots\" content=\"index, follow, max-snippet:-1, max-image-preview:large, max-video-preview:-1\" \/>\n<link rel=\"canonical\" href=\"https:\/\/www.demaxtv.de\/ar\/ueber-uns\/\" \/>\n<meta property=\"og:locale\" content=\"ar_AR\" \/>\n<meta property=\"og:type\" content=\"article\" \/>\n<meta property=\"og:title\" content=\"\u00dcber uns - DEMAX\" \/>\n<meta property=\"og:description\" content=\"Wir realisieren klassische Dokumentationen, Lehrfilme, Installationen und Medienkonzepte, bis zu Themenfilmen f\u00fcr private Auftraggeber und staatliche Einrichtungen.\" \/>\n<meta property=\"og:url\" content=\"https:\/\/www.demaxtv.de\/ar\/ueber-uns\/\" \/>\n<meta property=\"og:site_name\" content=\"DEMAX\" \/>\n<meta property=\"article:modified_time\" content=\"2020-06-30T12:30:48+00:00\" \/>\n<meta name=\"twitter:card\" content=\"summary_large_image\" \/>\n<meta name=\"twitter:label1\" content=\"\u0648\u0642\u062a \u0627\u0644\u0642\u0631\u0627\u0621\u0629 \u0627\u0644\u0645\u064f\u0642\u062f\u0651\u0631\" \/>\n\t<meta name=\"twitter:data1\" content=\"4 \u062f\u0642\u0627\u0626\u0642\" \/>\n<script type=\"application\/ld+json\" class=\"yoast-schema-graph\">{\"@context\":\"https:\/\/schema.org\",\"@graph\":[{\"@type\":\"WebPage\",\"@id\":\"https:\/\/www.demaxtv.de\/ar\/ueber-uns\/\",\"url\":\"https:\/\/www.demaxtv.de\/ar\/ueber-uns\/\",\"name\":\"\u00dcber uns - DEMAX\",\"isPartOf\":{\"@id\":\"https:\/\/www.demaxtv.de\/ar\/#website\"},\"datePublished\":\"2018-08-22T10:31:40+00:00\",\"dateModified\":\"2020-06-30T12:30:48+00:00\",\"description\":\"Wir realisieren klassische Dokumentationen, Lehrfilme, Installationen und Medienkonzepte, bis zu Themenfilmen f\u00fcr private Auftraggeber und staatliche Einrichtungen.\",\"breadcrumb\":{\"@id\":\"https:\/\/www.demaxtv.de\/ar\/ueber-uns\/#breadcrumb\"},\"inLanguage\":\"ar\",\"potentialAction\":[{\"@type\":\"ReadAction\",\"target\":[\"https:\/\/www.demaxtv.de\/ar\/ueber-uns\/\"]}]},{\"@type\":\"BreadcrumbList\",\"@id\":\"https:\/\/www.demaxtv.de\/ar\/ueber-uns\/#breadcrumb\",\"itemListElement\":[{\"@type\":\"ListItem\",\"position\":1,\"name\":\"Home\",\"item\":\"https:\/\/www.demaxtv.de\/ar\/\"},{\"@type\":\"ListItem\",\"position\":2,\"name\":\"\u00dcber uns\"}]},{\"@type\":\"WebSite\",\"@id\":\"https:\/\/www.demaxtv.de\/ar\/#website\",\"url\":\"https:\/\/www.demaxtv.de\/ar\/\",\"name\":\"DEMAX\",\"description\":\"Filmproduktion GmbH\",\"potentialAction\":[{\"@type\":\"SearchAction\",\"target\":{\"@type\":\"EntryPoint\",\"urlTemplate\":\"https:\/\/www.demaxtv.de\/ar\/?s={search_term_string}\"},\"query-input\":{\"@type\":\"PropertyValueSpecification\",\"valueRequired\":true,\"valueName\":\"search_term_string\"}}],\"inLanguage\":\"ar\"}]}<\/script>\n<!-- \/ Yoast SEO plugin. -->","yoast_head_json":{"title":"\u00dcber uns - DEMAX","description":"Wir realisieren klassische Dokumentationen, Lehrfilme, Installationen und Medienkonzepte, bis zu Themenfilmen f\u00fcr private Auftraggeber und staatliche Einrichtungen.","robots":{"index":"index","follow":"follow","max-snippet":"max-snippet:-1","max-image-preview":"max-image-preview:large","max-video-preview":"max-video-preview:-1"},"canonical":"https:\/\/www.demaxtv.de\/ar\/ueber-uns\/","og_locale":"ar_AR","og_type":"article","og_title":"\u00dcber uns - DEMAX","og_description":"Wir realisieren klassische Dokumentationen, Lehrfilme, Installationen und Medienkonzepte, bis zu Themenfilmen f\u00fcr private Auftraggeber und staatliche Einrichtungen.","og_url":"https:\/\/www.demaxtv.de\/ar\/ueber-uns\/","og_site_name":"DEMAX","article_modified_time":"2020-06-30T12:30:48+00:00","twitter_card":"summary_large_image","twitter_misc":{"\u0648\u0642\u062a \u0627\u0644\u0642\u0631\u0627\u0621\u0629 \u0627\u0644\u0645\u064f\u0642\u062f\u0651\u0631":"4 \u062f\u0642\u0627\u0626\u0642"},"schema":{"@context":"https:\/\/schema.org","@graph":[{"@type":"WebPage","@id":"https:\/\/www.demaxtv.de\/ar\/ueber-uns\/","url":"https:\/\/www.demaxtv.de\/ar\/ueber-uns\/","name":"\u00dcber uns - DEMAX","isPartOf":{"@id":"https:\/\/www.demaxtv.de\/ar\/#website"},"datePublished":"2018-08-22T10:31:40+00:00","dateModified":"2020-06-30T12:30:48+00:00","description":"Wir realisieren klassische Dokumentationen, Lehrfilme, Installationen und Medienkonzepte, bis zu Themenfilmen f\u00fcr private Auftraggeber und staatliche Einrichtungen.","breadcrumb":{"@id":"https:\/\/www.demaxtv.de\/ar\/ueber-uns\/#breadcrumb"},"inLanguage":"ar","potentialAction":[{"@type":"ReadAction","target":["https:\/\/www.demaxtv.de\/ar\/ueber-uns\/"]}]},{"@type":"BreadcrumbList","@id":"https:\/\/www.demaxtv.de\/ar\/ueber-uns\/#breadcrumb","itemListElement":[{"@type":"ListItem","position":1,"name":"Home","item":"https:\/\/www.demaxtv.de\/ar\/"},{"@type":"ListItem","position":2,"name":"\u00dcber uns"}]},{"@type":"WebSite","@id":"https:\/\/www.demaxtv.de\/ar\/#website","url":"https:\/\/www.demaxtv.de\/ar\/","name":"DEMAX","description":"Filmproduktion GmbH","potentialAction":[{"@type":"SearchAction","target":{"@type":"EntryPoint","urlTemplate":"https:\/\/www.demaxtv.de\/ar\/?s={search_term_string}"},"query-input":{"@type":"PropertyValueSpecification","valueRequired":true,"valueName":"search_term_string"}}],"inLanguage":"ar"}]}},"_links":{"self":[{"href":"https:\/\/www.demaxtv.de\/ar\/wp-json\/wp\/v2\/pages\/87","targetHints":{"allow":["GET"]}}],"collection":[{"href":"https:\/\/www.demaxtv.de\/ar\/wp-json\/wp\/v2\/pages"}],"about":[{"href":"https:\/\/www.demaxtv.de\/ar\/wp-json\/wp\/v2\/types\/page"}],"author":[{"embeddable":true,"href":"https:\/\/www.demaxtv.de\/ar\/wp-json\/wp\/v2\/users\/1"}],"replies":[{"embeddable":true,"href":"https:\/\/www.demaxtv.de\/ar\/wp-json\/wp\/v2\/comments?post=87"}],"version-history":[{"count":0,"href":"https:\/\/www.demaxtv.de\/ar\/wp-json\/wp\/v2\/pages\/87\/revisions"}],"wp:attachment":[{"href":"https:\/\/www.demaxtv.de\/ar\/wp-json\/wp\/v2\/media?parent=87"}],"curies":[{"name":"wp","href":"https:\/\/api.w.org\/{rel}","templated":true}]}}